{"id":10,"date":"2025-01-14T09:18:54","date_gmt":"2025-01-14T09:18:54","guid":{"rendered":"https:\/\/selbstwerk-en.de\/?page_id=10"},"modified":"2025-01-14T09:18:54","modified_gmt":"2025-01-14T09:18:54","slug":"leitbild","status":"publish","type":"page","link":"https:\/\/selbstwerk-en.de\/","title":{"rendered":"Leitbild"},"content":{"rendered":"\n<p>Die Arbeit von SelbstWerk EN orientiert sich an den folgenden Grundhaltungen:<\/p>\n\n\n\n<ul class=\"wp-block-list\">\n<li>Jeder Mensch hat eine unantastbare W\u00fcrde, unabh\u00e4ngig von seinen psychischen, physischen und sozialen M\u00f6glichkeiten.<\/li>\n\n\n\n<li>SelbstWerk begegnet allen Menschen mit Respekt vor ihrer Integrit\u00e4t.<\/li>\n\n\n\n<li>SelbstWerk achtet das Recht aller Menschen auf Selbstbestimmung und ermutigt sie ihr Leben selber zu gestalten.<\/li>\n\n\n\n<li>SelbstWerk setzt sich f\u00fcr Chancengleichheit und die gr\u00f6\u00dftm\u00f6gliche Teilhabe aller Menschen an der Gesellschaft ein, bedarfsgerecht und unabh\u00e4ngig von ihren Beeintr\u00e4chtigungen.<\/li>\n\n\n\n<li>SelbstWerk f\u00f6rdert die Bereitschaft und F\u00e4higkeit der KlientInnen zur Nutzung von regionalen psychosozialen Angeboten, um an der Gestaltung des eigenen Sozialraums mitzuwirken.<\/li>\n\n\n\n<li>SelbstWerk baut verbindliche, verl\u00e4ssliche und vertrauensvolle Assistenzbeziehungen auf, die in Krisenzeiten und Konfliktf\u00e4llen tragf\u00e4hig und belastbar sind.<\/li>\n\n\n\n<li>SelbstWerk aktiviert und nutzt die jedem Menschen innewohnenden Selbsthilfekr\u00e4fte im Sinne des Empowerments.<\/li>\n\n\n\n<li>SelbstWerk legt Wert auf die Entwicklung von Selbstf\u00fcrsorge, die Steigerung von Selbstwirksamkeit und die St\u00e4rkung des Selbstwertgef\u00fchls.<\/li>\n\n\n\n<li>SelbstWerk arbeitet l\u00f6sungs- und ressourcenorientiert und kommuniziert empathisch und kongruent.<\/li>\n\n\n\n<li>SelbstWerk sorgt f\u00fcr fachliche Weiterqualifizierung und Ausbau der psychosozialen Kompetenzen durch kollegialen Austausch sowie durch Fort- und Weiterbildungsma\u00dfnahmen.<\/li>\n\n\n\n<li>SelbstWerk f\u00fchlt sich dem Gemeinwohl verpflichtet und geht verantwortungsvoll und nachhaltig mit den ihm anvertrauten wirtschaftlichen Mitteln um.<\/li>\n\n\n\n<li>SelbstWerk gew\u00e4hrleistet den Schutz der ihm Anvertrauten. Gewaltschutz, sowie der Sozialdatenschutz sind in der Qualit\u00e4tssicherung verankert und werden in der Praxis umgesetzt.<\/li>\n<\/ul>\n","protected":false},"excerpt":{"rendered":"<p>Die Arbeit von SelbstWerk EN orientiert sich an den folgenden Grundhaltungen:<\/p>\n","protected":false},"author":1,"featured_media":0,"parent":0,"menu_order":0,"comment_status":"closed","ping_status":"closed","template":"","meta":{"_uag_custom_page_level_css":"","footnotes":""},"class_list":["post-10","page","type-page","status-publish","hentry"],"uagb_featured_image_src":{"full":false,"thumbnail":false,"medium":false,"medium_large":false,"large":false,"1536x1536":false,"2048x2048":false},"uagb_author_info":{"display_name":"admin","author_link":"https:\/\/selbstwerk-en.de\/?author=1"},"uagb_comment_info":0,"uagb_excerpt":"Die Arbeit von SelbstWerk EN orientiert sich an den folgenden Grundhaltungen:","_links":{"self":[{"href":"https:\/\/selbstwerk-en.de\/index.php?rest_route=\/wp\/v2\/pages\/10","targetHints":{"allow":["GET"]}}],"collection":[{"href":"https:\/\/selbstwerk-en.de\/index.php?rest_route=\/wp\/v2\/pages"}],"about":[{"href":"https:\/\/selbstwerk-en.de\/index.php?rest_route=\/wp\/v2\/types\/page"}],"author":[{"embeddable":true,"href":"https:\/\/selbstwerk-en.de\/index.php?rest_route=\/wp\/v2\/users\/1"}],"replies":[{"embeddable":true,"href":"https:\/\/selbstwerk-en.de\/index.php?rest_route=%2Fwp%2Fv2%2Fcomments&post=10"}],"version-history":[{"count":1,"href":"https:\/\/selbstwerk-en.de\/index.php?rest_route=\/wp\/v2\/pages\/10\/revisions"}],"predecessor-version":[{"id":14,"href":"https:\/\/selbstwerk-en.de\/index.php?rest_route=\/wp\/v2\/pages\/10\/revisions\/14"}],"wp:attachment":[{"href":"https:\/\/selbstwerk-en.de\/index.php?rest_route=%2Fwp%2Fv2%2Fmedia&parent=10"}],"curies":[{"name":"wp","href":"https:\/\/api.w.org\/{rel}","templated":true}]}}